{"id":183,"date":"2024-06-11T17:44:28","date_gmt":"2024-06-11T20:44:28","guid":{"rendered":"https:\/\/s46329.p863.sites.pressdns.com\/?page_id=183"},"modified":"2025-05-16T18:56:42","modified_gmt":"2025-05-16T21:56:42","slug":"real-estate-and-agribusiness","status":"publish","type":"page","link":"https:\/\/mmrlaw.com.br\/en\/practice-areas\/real-estate-and-agribusiness\/","title":{"rendered":"Real Estate and Agribusiness"},"content":{"rendered":"<div id='full_slider_1'  class='avia-fullwidth-slider main_color avia-shadow   avia-builder-el-0  el_before_av_one_full  avia-builder-el-first   container_wrap sidebar_right'  ><div  class='avia-slideshow av-lxav528j-ff6ca96fc93131a949b9839eb142e1c1 avia-slideshow-featured av_slideshow_full avia-slide-slider av-slideshow-ui av-control-default av-slideshow-manual av-loop-once av-loop-manual-endless av-default-height-applied   avia-slideshow-1' data-slideshow-options=\"{&quot;animation&quot;:&quot;slide&quot;,&quot;autoplay&quot;:false,&quot;loop_autoplay&quot;:&quot;once&quot;,&quot;interval&quot;:5,&quot;loop_manual&quot;:&quot;manual-endless&quot;,&quot;autoplay_stopper&quot;:false,&quot;noNavigation&quot;:false,&quot;bg_slider&quot;:false,&quot;keep_padding&quot;:false,&quot;hoverpause&quot;:false,&quot;show_slide_delay&quot;:0}\"  itemprop=\"image\" itemscope=\"itemscope\" itemtype=\"https:\/\/schema.org\/ImageObject\" ><ul class='avia-slideshow-inner ' style='padding-bottom: 28.666666666667%;'><li  class='avia-slideshow-slide av-lxav528j-ff6ca96fc93131a949b9839eb142e1c1__0  av-single-slide slide-1 slide-odd'><div data-rel='slideshow-1' class='avia-slide-wrap '   ><img decoding=\"async\" fetchpriority=\"high\" class=\"wp-image-146 avia-img-lazy-loading-not-146\"  src=\"https:\/\/mmrlaw.com.br\/wp-content\/uploads\/2024\/06\/areas-atuacoes.jpg\" width=\"1500\" height=\"430\" title='areas atuacoes' alt=''  itemprop=\"thumbnailUrl\" srcset=\"https:\/\/mmrlaw.com.br\/wp-content\/uploads\/2024\/06\/areas-atuacoes.jpg 1500w, https:\/\/mmrlaw.com.br\/wp-content\/uploads\/2024\/06\/areas-atuacoes-300x86.jpg 300w, https:\/\/mmrlaw.com.br\/wp-content\/uploads\/2024\/06\/areas-atuacoes-1030x295.jpg 1030w, https:\/\/mmrlaw.com.br\/wp-content\/uploads\/2024\/06\/areas-atuacoes-768x220.jpg 768w, https:\/\/mmrlaw.com.br\/wp-content\/uploads\/2024\/06\/areas-atuacoes-705x202.jpg 705w\" sizes=\"(max-width: 1500px) 100vw, 1500px\" \/><\/div><\/li><\/ul><\/div><\/div><div id='after_full_slider_1'  class='main_color av_default_container_wrap container_wrap sidebar_right'  ><div class='container av-section-cont-open' ><div class='template-page content  av-content-small alpha units'><div class='post-entry post-entry-type-page post-entry-183'><div class='entry-content-wrapper clearfix'>\n<div  class='flex_column av-srd5-a4237d9bc1a14740b3d3b036e16c864a av_one_full  avia-builder-el-1  el_after_av_slideshow_full  avia-builder-el-no-sibling  first flex_column_div  '     ><p>\n<style type=\"text\/css\" data-created_by=\"avia_inline_auto\" id=\"style-css-av-lxav5ne5-1b191b4b93464d129888195a461d20ab\">\n#top .av-special-heading.av-lxav5ne5-1b191b4b93464d129888195a461d20ab{\npadding-bottom:10px;\n}\nbody .av-special-heading.av-lxav5ne5-1b191b4b93464d129888195a461d20ab .av-special-heading-tag .heading-char{\nfont-size:25px;\n}\n.av-special-heading.av-lxav5ne5-1b191b4b93464d129888195a461d20ab .av-subheading{\nfont-size:15px;\n}\n<\/style>\n<div  class='av-special-heading av-lxav5ne5-1b191b4b93464d129888195a461d20ab av-special-heading-h3  avia-builder-el-2  el_before_av_textblock  avia-builder-el-first '><h3 class='av-special-heading-tag '  itemprop=\"headline\"  >Real Estate and Agribusiness<\/h3><div class=\"special-heading-border\"><div class=\"special-heading-inner-border\"><\/div><\/div><\/div><br \/>\n<section  class='av_textblock_section av-lxav6c3t-fb446a42c66c9950f97cd70d33537133 '   itemscope=\"itemscope\" itemtype=\"https:\/\/schema.org\/CreativeWork\" ><div class='avia_textblock'  itemprop=\"text\" ><ul>\n<li>Drafting and negotiation of commitments for the purchase and sale of real property, real property purchase and sale deeds, lease agreements, free lease agreements (<em>contratos de comodato<\/em>) and other instruments regarding the transfer of title or possession of real properties.<\/li>\n<li>Drafting and negotiation of rural lease and rural partnership agreements.<\/li>\n<li>Drafting and negotiation of mortgage deeds and real property conditional sale (<em>aliena\u00e7\u00e3o fiduci\u00e1ria<\/em>) agreements.<\/li>\n<li>Structuring of real estate transactions, including developments and construction, and drafting and negotiation of the relevant instruments.<\/li>\n<\/ul>\n<\/div><\/section><\/p><\/div>\n","protected":false},"excerpt":{"rendered":"","protected":false},"author":3,"featured_media":0,"parent":166,"menu_order":0,"comment_status":"closed","ping_status":"closed","template":"","meta":{"footnotes":""},"class_list":["post-183","page","type-page","status-publish","hentry"],"yoast_head":"<!-- This site is optimized with the Yoast SEO plugin v27.3 - https:\/\/yoast.com\/product\/yoast-seo-wordpress\/ -->\n<title>Real Estate and Agribusiness in Brazil \u2013 MMR Law<\/title>\n<meta name=\"description\" content=\"Legal assistance in real estate and agribusiness operations in Brazil. MMR Law offers strategic support for land acquisition and rural investments.\" \/>\n<meta name=\"robots\" content=\"index, follow, max-snippet:-1, max-image-preview:large, max-video-preview:-1\" \/>\n<link rel=\"canonical\" href=\"https:\/\/mmrlaw.com.br\/en\/practice-areas\/real-estate-and-agribusiness\/\" \/>\n<meta property=\"og:locale\" content=\"en_US\" \/>\n<meta property=\"og:type\" content=\"article\" \/>\n<meta property=\"og:title\" content=\"Real Estate and Agribusiness in Brazil \u2013 MMR Law\" \/>\n<meta property=\"og:description\" content=\"Legal assistance in real estate and agribusiness operations in Brazil. MMR Law offers strategic support for land acquisition and rural investments.\" \/>\n<meta property=\"og:url\" content=\"https:\/\/mmrlaw.com.br\/en\/practice-areas\/real-estate-and-agribusiness\/\" \/>\n<meta property=\"og:site_name\" content=\"MMR Advogados\" \/>\n<meta property=\"article:modified_time\" content=\"2025-05-16T21:56:42+00:00\" \/>\n<meta name=\"twitter:card\" content=\"summary_large_image\" \/>\n<meta name=\"twitter:label1\" content=\"Est. reading time\" \/>\n\t<meta name=\"twitter:data1\" content=\"1 minute\" \/>\n<script type=\"application\/ld+json\" class=\"yoast-schema-graph\">{\"@context\":\"https:\\\/\\\/schema.org\",\"@graph\":[{\"@type\":\"WebPage\",\"@id\":\"https:\\\/\\\/mmrlaw.com.br\\\/en\\\/practice-areas\\\/real-estate-and-agribusiness\\\/\",\"url\":\"https:\\\/\\\/mmrlaw.com.br\\\/en\\\/practice-areas\\\/real-estate-and-agribusiness\\\/\",\"name\":\"Real Estate and Agribusiness in Brazil \u2013 MMR Law\",\"isPartOf\":{\"@id\":\"https:\\\/\\\/mmrlaw.com.br\\\/en\\\/#website\"},\"datePublished\":\"2024-06-11T20:44:28+00:00\",\"dateModified\":\"2025-05-16T21:56:42+00:00\",\"description\":\"Legal assistance in real estate and agribusiness operations in Brazil. MMR Law offers strategic support for land acquisition and rural investments.\",\"breadcrumb\":{\"@id\":\"https:\\\/\\\/mmrlaw.com.br\\\/en\\\/practice-areas\\\/real-estate-and-agribusiness\\\/#breadcrumb\"},\"inLanguage\":\"en-US\",\"potentialAction\":[{\"@type\":\"ReadAction\",\"target\":[\"https:\\\/\\\/mmrlaw.com.br\\\/en\\\/practice-areas\\\/real-estate-and-agribusiness\\\/\"]}]},{\"@type\":\"BreadcrumbList\",\"@id\":\"https:\\\/\\\/mmrlaw.com.br\\\/en\\\/practice-areas\\\/real-estate-and-agribusiness\\\/#breadcrumb\",\"itemListElement\":[{\"@type\":\"ListItem\",\"position\":1,\"name\":\"In\u00edcio\",\"item\":\"https:\\\/\\\/mmrlaw.com.br\\\/en\\\/\"},{\"@type\":\"ListItem\",\"position\":2,\"name\":\"Practice Areas\",\"item\":\"https:\\\/\\\/mmrlaw.com.br\\\/en\\\/practice-areas\\\/?lang=en\"},{\"@type\":\"ListItem\",\"position\":3,\"name\":\"Real Estate and Agribusiness\"}]},{\"@type\":\"WebSite\",\"@id\":\"https:\\\/\\\/mmrlaw.com.br\\\/en\\\/#website\",\"url\":\"https:\\\/\\\/mmrlaw.com.br\\\/en\\\/\",\"name\":\"MMR Advogados\",\"description\":\"\",\"potentialAction\":[{\"@type\":\"SearchAction\",\"target\":{\"@type\":\"EntryPoint\",\"urlTemplate\":\"https:\\\/\\\/mmrlaw.com.br\\\/en\\\/?s={search_term_string}\"},\"query-input\":{\"@type\":\"PropertyValueSpecification\",\"valueRequired\":true,\"valueName\":\"search_term_string\"}}],\"inLanguage\":\"en-US\"}]}<\/script>\n<!-- \/ Yoast SEO plugin. -->","yoast_head_json":{"title":"Real Estate and Agribusiness in Brazil \u2013 MMR Law","description":"Legal assistance in real estate and agribusiness operations in Brazil. MMR Law offers strategic support for land acquisition and rural investments.","robots":{"index":"index","follow":"follow","max-snippet":"max-snippet:-1","max-image-preview":"max-image-preview:large","max-video-preview":"max-video-preview:-1"},"canonical":"https:\/\/mmrlaw.com.br\/en\/practice-areas\/real-estate-and-agribusiness\/","og_locale":"en_US","og_type":"article","og_title":"Real Estate and Agribusiness in Brazil \u2013 MMR Law","og_description":"Legal assistance in real estate and agribusiness operations in Brazil. MMR Law offers strategic support for land acquisition and rural investments.","og_url":"https:\/\/mmrlaw.com.br\/en\/practice-areas\/real-estate-and-agribusiness\/","og_site_name":"MMR Advogados","article_modified_time":"2025-05-16T21:56:42+00:00","twitter_card":"summary_large_image","twitter_misc":{"Est. reading time":"1 minute"},"schema":{"@context":"https:\/\/schema.org","@graph":[{"@type":"WebPage","@id":"https:\/\/mmrlaw.com.br\/en\/practice-areas\/real-estate-and-agribusiness\/","url":"https:\/\/mmrlaw.com.br\/en\/practice-areas\/real-estate-and-agribusiness\/","name":"Real Estate and Agribusiness in Brazil \u2013 MMR Law","isPartOf":{"@id":"https:\/\/mmrlaw.com.br\/en\/#website"},"datePublished":"2024-06-11T20:44:28+00:00","dateModified":"2025-05-16T21:56:42+00:00","description":"Legal assistance in real estate and agribusiness operations in Brazil. MMR Law offers strategic support for land acquisition and rural investments.","breadcrumb":{"@id":"https:\/\/mmrlaw.com.br\/en\/practice-areas\/real-estate-and-agribusiness\/#breadcrumb"},"inLanguage":"en-US","potentialAction":[{"@type":"ReadAction","target":["https:\/\/mmrlaw.com.br\/en\/practice-areas\/real-estate-and-agribusiness\/"]}]},{"@type":"BreadcrumbList","@id":"https:\/\/mmrlaw.com.br\/en\/practice-areas\/real-estate-and-agribusiness\/#breadcrumb","itemListElement":[{"@type":"ListItem","position":1,"name":"In\u00edcio","item":"https:\/\/mmrlaw.com.br\/en\/"},{"@type":"ListItem","position":2,"name":"Practice Areas","item":"https:\/\/mmrlaw.com.br\/en\/practice-areas\/?lang=en"},{"@type":"ListItem","position":3,"name":"Real Estate and Agribusiness"}]},{"@type":"WebSite","@id":"https:\/\/mmrlaw.com.br\/en\/#website","url":"https:\/\/mmrlaw.com.br\/en\/","name":"MMR Advogados","description":"","potentialAction":[{"@type":"SearchAction","target":{"@type":"EntryPoint","urlTemplate":"https:\/\/mmrlaw.com.br\/en\/?s={search_term_string}"},"query-input":{"@type":"PropertyValueSpecification","valueRequired":true,"valueName":"search_term_string"}}],"inLanguage":"en-US"}]}},"_links":{"self":[{"href":"https:\/\/mmrlaw.com.br\/en\/wp-json\/wp\/v2\/pages\/183","targetHints":{"allow":["GET"]}}],"collection":[{"href":"https:\/\/mmrlaw.com.br\/en\/wp-json\/wp\/v2\/pages"}],"about":[{"href":"https:\/\/mmrlaw.com.br\/en\/wp-json\/wp\/v2\/types\/page"}],"author":[{"embeddable":true,"href":"https:\/\/mmrlaw.com.br\/en\/wp-json\/wp\/v2\/users\/3"}],"replies":[{"embeddable":true,"href":"https:\/\/mmrlaw.com.br\/en\/wp-json\/wp\/v2\/comments?post=183"}],"version-history":[{"count":0,"href":"https:\/\/mmrlaw.com.br\/en\/wp-json\/wp\/v2\/pages\/183\/revisions"}],"up":[{"embeddable":true,"href":"https:\/\/mmrlaw.com.br\/en\/wp-json\/wp\/v2\/pages\/166"}],"wp:attachment":[{"href":"https:\/\/mmrlaw.com.br\/en\/wp-json\/wp\/v2\/media?parent=183"}],"curies":[{"name":"wp","href":"https:\/\/api.w.org\/{rel}","templated":true}]}}