{"id":201,"date":"2024-06-11T19:48:12","date_gmt":"2024-06-11T22:48:12","guid":{"rendered":"https:\/\/s46329.p863.sites.pressdns.com\/?page_id=201"},"modified":"2025-05-16T18:36:09","modified_gmt":"2025-05-16T21:36:09","slug":"felipe-mastrocola","status":"publish","type":"page","link":"https:\/\/mmrlaw.com.br\/en\/lawyers\/felipe-mastrocola\/","title":{"rendered":"Felipe Mastrocola"},"content":{"rendered":"<div id='full_slider_1'  class='avia-fullwidth-slider main_color avia-shadow   avia-builder-el-0  el_before_av_one_half  avia-builder-el-first   container_wrap sidebar_right'  ><div  class='avia-slideshow av-7btw-00fd52ce7f5572d96091ec384cbf2494 avia-slideshow-featured av_slideshow_full avia-slide-slider av-slideshow-ui av-control-default av-slideshow-manual av-loop-once av-loop-manual-endless av-default-height-applied   avia-slideshow-1' data-slideshow-options=\"{&quot;animation&quot;:&quot;slide&quot;,&quot;autoplay&quot;:false,&quot;loop_autoplay&quot;:&quot;once&quot;,&quot;interval&quot;:5,&quot;loop_manual&quot;:&quot;manual-endless&quot;,&quot;autoplay_stopper&quot;:false,&quot;noNavigation&quot;:false,&quot;bg_slider&quot;:false,&quot;keep_padding&quot;:false,&quot;hoverpause&quot;:false,&quot;show_slide_delay&quot;:0}\"  itemprop=\"image\" itemscope=\"itemscope\" itemtype=\"https:\/\/schema.org\/ImageObject\" ><ul class='avia-slideshow-inner ' style='padding-bottom: 28.666666666667%;'><li  class='avia-slideshow-slide av-7btw-00fd52ce7f5572d96091ec384cbf2494__0  av-single-slide slide-1 slide-odd'><div data-rel='slideshow-1' class='avia-slide-wrap '   ><img decoding=\"async\" fetchpriority=\"high\" class=\"wp-image-139 avia-img-lazy-loading-not-139\"  src=\"https:\/\/mmrlaw.com.br\/wp-content\/uploads\/2024\/06\/advogados.jpg\" width=\"1500\" height=\"430\" title='advogados' alt=''  itemprop=\"thumbnailUrl\" srcset=\"https:\/\/mmrlaw.com.br\/wp-content\/uploads\/2024\/06\/advogados.jpg 1500w, https:\/\/mmrlaw.com.br\/wp-content\/uploads\/2024\/06\/advogados-300x86.jpg 300w, https:\/\/mmrlaw.com.br\/wp-content\/uploads\/2024\/06\/advogados-1030x295.jpg 1030w, https:\/\/mmrlaw.com.br\/wp-content\/uploads\/2024\/06\/advogados-768x220.jpg 768w, https:\/\/mmrlaw.com.br\/wp-content\/uploads\/2024\/06\/advogados-705x202.jpg 705w\" sizes=\"(max-width: 1500px) 100vw, 1500px\" \/><\/div><\/li><\/ul><\/div><\/div><div id='after_full_slider_1'  class='main_color av_default_container_wrap container_wrap sidebar_right'  ><div class='container av-section-cont-open' ><div class='template-page content  av-content-small alpha units'><div class='post-entry post-entry-type-page post-entry-201'><div class='entry-content-wrapper clearfix'>\n<div  class='flex_column av-1rvpk-fd7b74bfa8f37dab93cfb9a8e19d9187 av_one_half  avia-builder-el-1  el_after_av_slideshow_full  el_before_av_one_half  avia-builder-el-first  first flex_column_div  '     ><section  class='av_textblock_section av-lxatyhzr-23b9a51ad652b4655a9ee79df1717360 '   itemscope=\"itemscope\" itemtype=\"https:\/\/schema.org\/CreativeWork\" ><div class='avia_textblock'  itemprop=\"text\" ><h1 class=\"fusion-responsive-typography-calculated\" data-fontsize=\"28\" data-lineheight=\"19.88px\">Felipe Mastrocola<\/h1>\n<p><strong>Phone:<\/strong>\u00a0+55 (11) 3056-2101<br \/>\n<strong>E-mail:<\/strong>\u00a0fmastrocola@mmrlaw.com.br<br \/>\nRua Bandeira Paulista, 726 \u2013 17th floor<br \/>\n04532-002 S\u00e3o Paulo \u2013 SP<\/p>\n<p><strong>Practice areas:<br \/>\n<\/strong>Tax Law, Customs Law, Litigation and Wealth Planning.<\/p>\n<p><strong>Education:<br \/>\n<\/strong>Northwestern University School of Law, Chicago, IL (LL.M., 2010)<br \/>\nFaculdade de Direito da Funda\u00e7\u00e3o Get\u00falio Vargas (Corporate Structures and Tax and Succession Planning, 2008)<br \/>\nCOGEAE da Faculdadede Direitoda Pontif\u00edcia Universida de Cat\u00f3licade S\u00e3o Paulo (Postgraduate in Tax Law, 2006)<br \/>\nPontif\u00edcia Universidade Cat\u00f3lica de S\u00e3o Paulo (LL.B., 2003)<\/p>\n<p><strong>International experience:<\/strong><br \/>\nSchwartz LLC \u2013 Counsellors at Law, Nova York<br \/>\nInternational Associate (2011)<\/p>\n<p><strong>Memberships:<br \/>\n<\/strong>The Brazilian Bar Association (Ordem dos Advogados do Brasil), S\u00e3o Paulo Section<br \/>\nThe New York Bar<\/p>\n<p><strong>Languages:<br \/>\n<\/strong>Portuguese and English<\/p>\n<\/div><\/section><\/div><div  class='flex_column av-vx8w-c9407a25c9fd3caf586e84364cb8e904 av_one_half  avia-builder-el-3  el_after_av_one_half  avia-builder-el-last  flex_column_div  '     ><style type=\"text\/css\" data-created_by=\"avia_inline_auto\" id=\"style-css-av-lxatzihe-59dfd17f45efdeb0a29281e96ac20f66\">\n.avia-image-container.av-lxatzihe-59dfd17f45efdeb0a29281e96ac20f66 img.avia_image{\nbox-shadow:none;\n}\n.avia-image-container.av-lxatzihe-59dfd17f45efdeb0a29281e96ac20f66 .av-image-caption-overlay-center{\ncolor:#ffffff;\n}\n<\/style>\n<div  class='avia-image-container av-lxatzihe-59dfd17f45efdeb0a29281e96ac20f66 av-styling- avia-align-center  avia-builder-el-4  avia-builder-el-no-sibling '   itemprop=\"image\" itemscope=\"itemscope\" itemtype=\"https:\/\/schema.org\/ImageObject\" ><div class=\"avia-image-container-inner\"><div class=\"avia-image-overlay-wrap\"><img decoding=\"async\" fetchpriority=\"high\" class='wp-image-141 avia-img-lazy-loading-not-141 avia_image ' src=\"https:\/\/mmrlaw.com.br\/wp-content\/uploads\/2024\/06\/felipe-mastro-2.jpg\" alt='' title='felipe-mastro-2'  height=\"500\" width=\"334\"  itemprop=\"thumbnailUrl\" srcset=\"https:\/\/mmrlaw.com.br\/wp-content\/uploads\/2024\/06\/felipe-mastro-2.jpg 334w, https:\/\/mmrlaw.com.br\/wp-content\/uploads\/2024\/06\/felipe-mastro-2-200x300.jpg 200w\" sizes=\"(max-width: 334px) 100vw, 334px\" \/><\/div><\/div><\/div><\/div><\/p>\n","protected":false},"excerpt":{"rendered":"","protected":false},"author":3,"featured_media":0,"parent":158,"menu_order":0,"comment_status":"closed","ping_status":"closed","template":"","meta":{"footnotes":""},"class_list":["post-201","page","type-page","status-publish","hentry"],"yoast_head":"<!-- This site is optimized with the Yoast SEO plugin v27.6 - https:\/\/yoast.com\/product\/yoast-seo-wordpress\/ -->\n<title>Felipe Mastrocola \u2013 Corporate Lawyer at MMR Law<\/title>\n<meta name=\"description\" content=\"Felipe Mastrocola \u2013 Business Litigation and Corporate Law attorney in Brazil. Meet our team at MMR Law.\" \/>\n<meta name=\"robots\" content=\"index, follow, max-snippet:-1, max-image-preview:large, max-video-preview:-1\" \/>\n<link rel=\"canonical\" href=\"https:\/\/mmrlaw.com.br\/en\/lawyers\/felipe-mastrocola\/\" \/>\n<meta property=\"og:locale\" content=\"en_US\" \/>\n<meta property=\"og:type\" content=\"article\" \/>\n<meta property=\"og:title\" content=\"Felipe Mastrocola \u2013 Corporate Lawyer at MMR Law\" \/>\n<meta property=\"og:description\" content=\"Felipe Mastrocola \u2013 Business Litigation and Corporate Law attorney in Brazil. Meet our team at MMR Law.\" \/>\n<meta property=\"og:url\" content=\"https:\/\/mmrlaw.com.br\/en\/lawyers\/felipe-mastrocola\/\" \/>\n<meta property=\"og:site_name\" content=\"MMR Advogados\" \/>\n<meta property=\"article:modified_time\" content=\"2025-05-16T21:36:09+00:00\" \/>\n<meta name=\"twitter:card\" content=\"summary_large_image\" \/>\n<script type=\"application\/ld+json\" class=\"yoast-schema-graph\">{\"@context\":\"https:\\\/\\\/schema.org\",\"@graph\":[{\"@type\":\"WebPage\",\"@id\":\"https:\\\/\\\/mmrlaw.com.br\\\/en\\\/lawyers\\\/felipe-mastrocola\\\/\",\"url\":\"https:\\\/\\\/mmrlaw.com.br\\\/en\\\/lawyers\\\/felipe-mastrocola\\\/\",\"name\":\"Felipe Mastrocola \u2013 Corporate Lawyer at MMR Law\",\"isPartOf\":{\"@id\":\"https:\\\/\\\/mmrlaw.com.br\\\/en\\\/#website\"},\"datePublished\":\"2024-06-11T22:48:12+00:00\",\"dateModified\":\"2025-05-16T21:36:09+00:00\",\"description\":\"Felipe Mastrocola \u2013 Business Litigation and Corporate Law attorney in Brazil. Meet our team at MMR Law.\",\"breadcrumb\":{\"@id\":\"https:\\\/\\\/mmrlaw.com.br\\\/en\\\/lawyers\\\/felipe-mastrocola\\\/#breadcrumb\"},\"inLanguage\":\"en-US\",\"potentialAction\":[{\"@type\":\"ReadAction\",\"target\":[\"https:\\\/\\\/mmrlaw.com.br\\\/en\\\/lawyers\\\/felipe-mastrocola\\\/\"]}]},{\"@type\":\"BreadcrumbList\",\"@id\":\"https:\\\/\\\/mmrlaw.com.br\\\/en\\\/lawyers\\\/felipe-mastrocola\\\/#breadcrumb\",\"itemListElement\":[{\"@type\":\"ListItem\",\"position\":1,\"name\":\"In\u00edcio\",\"item\":\"https:\\\/\\\/mmrlaw.com.br\\\/en\\\/\"},{\"@type\":\"ListItem\",\"position\":2,\"name\":\"Lawyers\",\"item\":\"https:\\\/\\\/mmrlaw.com.br\\\/en\\\/lawyers\\\/\"},{\"@type\":\"ListItem\",\"position\":3,\"name\":\"Felipe Mastrocola\"}]},{\"@type\":\"WebSite\",\"@id\":\"https:\\\/\\\/mmrlaw.com.br\\\/en\\\/#website\",\"url\":\"https:\\\/\\\/mmrlaw.com.br\\\/en\\\/\",\"name\":\"MMR Advogados\",\"description\":\"\",\"potentialAction\":[{\"@type\":\"SearchAction\",\"target\":{\"@type\":\"EntryPoint\",\"urlTemplate\":\"https:\\\/\\\/mmrlaw.com.br\\\/en\\\/?s={search_term_string}\"},\"query-input\":{\"@type\":\"PropertyValueSpecification\",\"valueRequired\":true,\"valueName\":\"search_term_string\"}}],\"inLanguage\":\"en-US\"}]}<\/script>\n<!-- \/ Yoast SEO plugin. -->","yoast_head_json":{"title":"Felipe Mastrocola \u2013 Corporate Lawyer at MMR Law","description":"Felipe Mastrocola \u2013 Business Litigation and Corporate Law attorney in Brazil. Meet our team at MMR Law.","robots":{"index":"index","follow":"follow","max-snippet":"max-snippet:-1","max-image-preview":"max-image-preview:large","max-video-preview":"max-video-preview:-1"},"canonical":"https:\/\/mmrlaw.com.br\/en\/lawyers\/felipe-mastrocola\/","og_locale":"en_US","og_type":"article","og_title":"Felipe Mastrocola \u2013 Corporate Lawyer at MMR Law","og_description":"Felipe Mastrocola \u2013 Business Litigation and Corporate Law attorney in Brazil. Meet our team at MMR Law.","og_url":"https:\/\/mmrlaw.com.br\/en\/lawyers\/felipe-mastrocola\/","og_site_name":"MMR Advogados","article_modified_time":"2025-05-16T21:36:09+00:00","twitter_card":"summary_large_image","schema":{"@context":"https:\/\/schema.org","@graph":[{"@type":"WebPage","@id":"https:\/\/mmrlaw.com.br\/en\/lawyers\/felipe-mastrocola\/","url":"https:\/\/mmrlaw.com.br\/en\/lawyers\/felipe-mastrocola\/","name":"Felipe Mastrocola \u2013 Corporate Lawyer at MMR Law","isPartOf":{"@id":"https:\/\/mmrlaw.com.br\/en\/#website"},"datePublished":"2024-06-11T22:48:12+00:00","dateModified":"2025-05-16T21:36:09+00:00","description":"Felipe Mastrocola \u2013 Business Litigation and Corporate Law attorney in Brazil. Meet our team at MMR Law.","breadcrumb":{"@id":"https:\/\/mmrlaw.com.br\/en\/lawyers\/felipe-mastrocola\/#breadcrumb"},"inLanguage":"en-US","potentialAction":[{"@type":"ReadAction","target":["https:\/\/mmrlaw.com.br\/en\/lawyers\/felipe-mastrocola\/"]}]},{"@type":"BreadcrumbList","@id":"https:\/\/mmrlaw.com.br\/en\/lawyers\/felipe-mastrocola\/#breadcrumb","itemListElement":[{"@type":"ListItem","position":1,"name":"In\u00edcio","item":"https:\/\/mmrlaw.com.br\/en\/"},{"@type":"ListItem","position":2,"name":"Lawyers","item":"https:\/\/mmrlaw.com.br\/en\/lawyers\/"},{"@type":"ListItem","position":3,"name":"Felipe Mastrocola"}]},{"@type":"WebSite","@id":"https:\/\/mmrlaw.com.br\/en\/#website","url":"https:\/\/mmrlaw.com.br\/en\/","name":"MMR Advogados","description":"","potentialAction":[{"@type":"SearchAction","target":{"@type":"EntryPoint","urlTemplate":"https:\/\/mmrlaw.com.br\/en\/?s={search_term_string}"},"query-input":{"@type":"PropertyValueSpecification","valueRequired":true,"valueName":"search_term_string"}}],"inLanguage":"en-US"}]}},"_links":{"self":[{"href":"https:\/\/mmrlaw.com.br\/en\/wp-json\/wp\/v2\/pages\/201","targetHints":{"allow":["GET"]}}],"collection":[{"href":"https:\/\/mmrlaw.com.br\/en\/wp-json\/wp\/v2\/pages"}],"about":[{"href":"https:\/\/mmrlaw.com.br\/en\/wp-json\/wp\/v2\/types\/page"}],"author":[{"embeddable":true,"href":"https:\/\/mmrlaw.com.br\/en\/wp-json\/wp\/v2\/users\/3"}],"replies":[{"embeddable":true,"href":"https:\/\/mmrlaw.com.br\/en\/wp-json\/wp\/v2\/comments?post=201"}],"version-history":[{"count":0,"href":"https:\/\/mmrlaw.com.br\/en\/wp-json\/wp\/v2\/pages\/201\/revisions"}],"up":[{"embeddable":true,"href":"https:\/\/mmrlaw.com.br\/en\/wp-json\/wp\/v2\/pages\/158"}],"wp:attachment":[{"href":"https:\/\/mmrlaw.com.br\/en\/wp-json\/wp\/v2\/media?parent=201"}],"curies":[{"name":"wp","href":"https:\/\/api.w.org\/{rel}","templated":true}]}}