{"id":204,"date":"2024-06-11T19:49:25","date_gmt":"2024-06-11T22:49:25","guid":{"rendered":"https:\/\/s46329.p863.sites.pressdns.com\/?page_id=204"},"modified":"2025-05-16T18:37:02","modified_gmt":"2025-05-16T21:37:02","slug":"leandro-brudniewski","status":"publish","type":"page","link":"https:\/\/mmrlaw.com.br\/en\/lawyers\/leandro-brudniewski\/","title":{"rendered":"Leandro Brudniewski"},"content":{"rendered":"<div id='full_slider_1'  class='avia-fullwidth-slider main_color avia-shadow   avia-builder-el-0  el_before_av_one_half  avia-builder-el-first   container_wrap sidebar_right'  ><div  class='avia-slideshow av-1y8c9-4a9870b8dbd6a00ef96ae70b129975f9 avia-slideshow-featured av_slideshow_full avia-slide-slider av-slideshow-ui av-control-default av-slideshow-manual av-loop-once av-loop-manual-endless av-default-height-applied   avia-slideshow-1' data-slideshow-options=\"{&quot;animation&quot;:&quot;slide&quot;,&quot;autoplay&quot;:false,&quot;loop_autoplay&quot;:&quot;once&quot;,&quot;interval&quot;:5,&quot;loop_manual&quot;:&quot;manual-endless&quot;,&quot;autoplay_stopper&quot;:false,&quot;noNavigation&quot;:false,&quot;bg_slider&quot;:false,&quot;keep_padding&quot;:false,&quot;hoverpause&quot;:false,&quot;show_slide_delay&quot;:0}\"  itemprop=\"image\" itemscope=\"itemscope\" itemtype=\"https:\/\/schema.org\/ImageObject\" ><ul class='avia-slideshow-inner ' style='padding-bottom: 28.666666666667%;'><li  class='avia-slideshow-slide av-1y8c9-4a9870b8dbd6a00ef96ae70b129975f9__0  av-single-slide slide-1 slide-odd'><div data-rel='slideshow-1' class='avia-slide-wrap '   ><img decoding=\"async\" fetchpriority=\"high\" class=\"wp-image-139 avia-img-lazy-loading-not-139\"  src=\"https:\/\/mmrlaw.com.br\/wp-content\/uploads\/2024\/06\/advogados.jpg\" width=\"1500\" height=\"430\" title='advogados' alt=''  itemprop=\"thumbnailUrl\" srcset=\"https:\/\/mmrlaw.com.br\/wp-content\/uploads\/2024\/06\/advogados.jpg 1500w, https:\/\/mmrlaw.com.br\/wp-content\/uploads\/2024\/06\/advogados-300x86.jpg 300w, https:\/\/mmrlaw.com.br\/wp-content\/uploads\/2024\/06\/advogados-1030x295.jpg 1030w, https:\/\/mmrlaw.com.br\/wp-content\/uploads\/2024\/06\/advogados-768x220.jpg 768w, https:\/\/mmrlaw.com.br\/wp-content\/uploads\/2024\/06\/advogados-705x202.jpg 705w\" sizes=\"(max-width: 1500px) 100vw, 1500px\" \/><\/div><\/li><\/ul><\/div><\/div><div id='after_full_slider_1'  class='main_color av_default_container_wrap container_wrap sidebar_right'  ><div class='container av-section-cont-open' ><div class='template-page content  av-content-small alpha units'><div class='post-entry post-entry-type-page post-entry-204'><div class='entry-content-wrapper clearfix'>\n<div  class='flex_column av-1rgl9-8529daf43f35ac72307799ec0b2c543e av_one_half  avia-builder-el-1  el_after_av_slideshow_full  el_before_av_one_half  avia-builder-el-first  first flex_column_div  '     ><section  class='av_textblock_section av-lxau5mzm-5713eb51f6158887df3b4074da678471 '   itemscope=\"itemscope\" itemtype=\"https:\/\/schema.org\/CreativeWork\" ><div class='avia_textblock'  itemprop=\"text\" ><h1 class=\"fusion-responsive-typography-calculated\" data-fontsize=\"28\" data-lineheight=\"19.88px\">Leandro Brudniewski<\/h1>\n<div class=\"fusion-layout-column fusion_builder_column fusion-builder-column-0 fusion_builder_column_1_2 1_2 fusion-one-half fusion-column-first\">\n<div class=\"fusion-column-wrapper fusion-flex-column-wrapper-legacy\">\n<div class=\"fusion-text fusion-text-1\">\n<p><strong>Phone:<\/strong>\u00a0+55 (11) 3056-2109<br \/>\n<strong>E-mail:<\/strong>\u00a0lbrud@mmrlaw.com.br<br \/>\nRua Bandeira Paulista, 726 \u2013 17th floor<br \/>\n04532-002 S\u00e3o Paulo \u2013 SP<\/p>\n<p><strong>Practice areas:<br \/>\n<\/strong>Tax Law, Litigation and Wealth Planning.<\/p>\n<p><strong>Education:<br \/>\n<\/strong>Funda\u00e7\u00e3o Instituto de Administra\u00e7\u00e3o \u2013 FIA\/USP (Postgraduate in finance and investment, 2018)<br \/>\nInstituto Brasileiro de Direito Tribut\u00e1rio \u2013 IBDT\/USP (Postgraduate in International Tax, 2011)<br \/>\nPontif\u00edcia Universidade Cat\u00f3lica de S\u00e3o Paulo (Postgraduate in Tax Law, 2006)<br \/>\nPontif\u00edcia Universidade Cat\u00f3lica de S\u00e3o Paulo (LL.B., 2004)<\/p>\n<p><strong>Memberships:<\/strong><br \/>\nThe Brazilian Bar Association (Ordem dos Advogados do Brasil), S\u00e3o Paulo Section<\/p>\n<p><strong>Languages:<br \/>\n<\/strong>Portuguese and English<\/p>\n<\/div>\n<div class=\"fusion-clearfix\"><\/div>\n<\/div>\n<\/div>\n<div class=\"fusion-layout-column fusion_builder_column fusion-builder-column-1 fusion_builder_column_1_2 1_2 fusion-one-half fusion-column-last\">\n<div class=\"fusion-column-wrapper fusion-flex-column-wrapper-legacy\">\n<div class=\"fusion-image-element fusion-image-align-center in-legacy-container\"><\/div>\n<\/div>\n<\/div>\n<\/div><\/section><\/div><div  class='flex_column av-12yc5-5abf16228f8744a35125549244fb96a6 av_one_half  avia-builder-el-3  el_after_av_one_half  avia-builder-el-last  flex_column_div  '     ><style type=\"text\/css\" data-created_by=\"avia_inline_auto\" id=\"style-css-av-lxau6a2y-2737a40c705ec7d01c04d07d778af5af\">\n.avia-image-container.av-lxau6a2y-2737a40c705ec7d01c04d07d778af5af img.avia_image{\nbox-shadow:none;\n}\n.avia-image-container.av-lxau6a2y-2737a40c705ec7d01c04d07d778af5af .av-image-caption-overlay-center{\ncolor:#ffffff;\n}\n<\/style>\n<div  class='avia-image-container av-lxau6a2y-2737a40c705ec7d01c04d07d778af5af av-styling- avia-align-center  avia-builder-el-4  avia-builder-el-no-sibling '   itemprop=\"image\" itemscope=\"itemscope\" itemtype=\"https:\/\/schema.org\/ImageObject\" ><div class=\"avia-image-container-inner\"><div class=\"avia-image-overlay-wrap\"><img decoding=\"async\" fetchpriority=\"high\" class='wp-image-143 avia-img-lazy-loading-not-143 avia_image ' src=\"https:\/\/mmrlaw.com.br\/wp-content\/uploads\/2024\/06\/eduardo2.jpg\" alt='' title='eduardo2'  height=\"300\" width=\"300\"  itemprop=\"thumbnailUrl\" srcset=\"https:\/\/mmrlaw.com.br\/wp-content\/uploads\/2024\/06\/eduardo2.jpg 300w, https:\/\/mmrlaw.com.br\/wp-content\/uploads\/2024\/06\/eduardo2-80x80.jpg 80w, https:\/\/mmrlaw.com.br\/wp-content\/uploads\/2024\/06\/eduardo2-36x36.jpg 36w, https:\/\/mmrlaw.com.br\/wp-content\/uploads\/2024\/06\/eduardo2-180x180.jpg 180w\" sizes=\"(max-width: 300px) 100vw, 300px\" \/><\/div><\/div><\/div><\/div><\/p>\n","protected":false},"excerpt":{"rendered":"","protected":false},"author":3,"featured_media":0,"parent":158,"menu_order":0,"comment_status":"closed","ping_status":"closed","template":"","meta":{"footnotes":""},"class_list":["post-204","page","type-page","status-publish","hentry"],"yoast_head":"<!-- This site is optimized with the Yoast SEO plugin v27.3 - https:\/\/yoast.com\/product\/yoast-seo-wordpress\/ -->\n<title>Leandro Brudniewski \u2013 MMR Law Associate<\/title>\n<meta name=\"description\" content=\"Leandro Brudniewski is a lawyer at MMR Law with strong expertise in business and corporate law. Learn more about his legal background.\" \/>\n<meta name=\"robots\" content=\"index, follow, max-snippet:-1, max-image-preview:large, max-video-preview:-1\" \/>\n<link rel=\"canonical\" href=\"https:\/\/mmrlaw.com.br\/en\/lawyers\/leandro-brudniewski\/\" \/>\n<meta property=\"og:locale\" content=\"en_US\" \/>\n<meta property=\"og:type\" content=\"article\" \/>\n<meta property=\"og:title\" content=\"Leandro Brudniewski \u2013 MMR Law Associate\" \/>\n<meta property=\"og:description\" content=\"Leandro Brudniewski is a lawyer at MMR Law with strong expertise in business and corporate law. Learn more about his legal background.\" \/>\n<meta property=\"og:url\" content=\"https:\/\/mmrlaw.com.br\/en\/lawyers\/leandro-brudniewski\/\" \/>\n<meta property=\"og:site_name\" content=\"MMR Advogados\" \/>\n<meta property=\"article:modified_time\" content=\"2025-05-16T21:37:02+00:00\" \/>\n<meta name=\"twitter:card\" content=\"summary_large_image\" \/>\n<meta name=\"twitter:label1\" content=\"Est. reading time\" \/>\n\t<meta name=\"twitter:data1\" content=\"1 minute\" \/>\n<script type=\"application\/ld+json\" class=\"yoast-schema-graph\">{\"@context\":\"https:\\\/\\\/schema.org\",\"@graph\":[{\"@type\":\"WebPage\",\"@id\":\"https:\\\/\\\/mmrlaw.com.br\\\/en\\\/lawyers\\\/leandro-brudniewski\\\/\",\"url\":\"https:\\\/\\\/mmrlaw.com.br\\\/en\\\/lawyers\\\/leandro-brudniewski\\\/\",\"name\":\"Leandro Brudniewski \u2013 MMR Law Associate\",\"isPartOf\":{\"@id\":\"https:\\\/\\\/mmrlaw.com.br\\\/en\\\/#website\"},\"datePublished\":\"2024-06-11T22:49:25+00:00\",\"dateModified\":\"2025-05-16T21:37:02+00:00\",\"description\":\"Leandro Brudniewski is a lawyer at MMR Law with strong expertise in business and corporate law. Learn more about his legal background.\",\"breadcrumb\":{\"@id\":\"https:\\\/\\\/mmrlaw.com.br\\\/en\\\/lawyers\\\/leandro-brudniewski\\\/#breadcrumb\"},\"inLanguage\":\"en-US\",\"potentialAction\":[{\"@type\":\"ReadAction\",\"target\":[\"https:\\\/\\\/mmrlaw.com.br\\\/en\\\/lawyers\\\/leandro-brudniewski\\\/\"]}]},{\"@type\":\"BreadcrumbList\",\"@id\":\"https:\\\/\\\/mmrlaw.com.br\\\/en\\\/lawyers\\\/leandro-brudniewski\\\/#breadcrumb\",\"itemListElement\":[{\"@type\":\"ListItem\",\"position\":1,\"name\":\"In\u00edcio\",\"item\":\"https:\\\/\\\/mmrlaw.com.br\\\/en\\\/\"},{\"@type\":\"ListItem\",\"position\":2,\"name\":\"Lawyers\",\"item\":\"https:\\\/\\\/mmrlaw.com.br\\\/en\\\/lawyers\\\/\"},{\"@type\":\"ListItem\",\"position\":3,\"name\":\"Leandro Brudniewski\"}]},{\"@type\":\"WebSite\",\"@id\":\"https:\\\/\\\/mmrlaw.com.br\\\/en\\\/#website\",\"url\":\"https:\\\/\\\/mmrlaw.com.br\\\/en\\\/\",\"name\":\"MMR Advogados\",\"description\":\"\",\"potentialAction\":[{\"@type\":\"SearchAction\",\"target\":{\"@type\":\"EntryPoint\",\"urlTemplate\":\"https:\\\/\\\/mmrlaw.com.br\\\/en\\\/?s={search_term_string}\"},\"query-input\":{\"@type\":\"PropertyValueSpecification\",\"valueRequired\":true,\"valueName\":\"search_term_string\"}}],\"inLanguage\":\"en-US\"}]}<\/script>\n<!-- \/ Yoast SEO plugin. -->","yoast_head_json":{"title":"Leandro Brudniewski \u2013 MMR Law Associate","description":"Leandro Brudniewski is a lawyer at MMR Law with strong expertise in business and corporate law. Learn more about his legal background.","robots":{"index":"index","follow":"follow","max-snippet":"max-snippet:-1","max-image-preview":"max-image-preview:large","max-video-preview":"max-video-preview:-1"},"canonical":"https:\/\/mmrlaw.com.br\/en\/lawyers\/leandro-brudniewski\/","og_locale":"en_US","og_type":"article","og_title":"Leandro Brudniewski \u2013 MMR Law Associate","og_description":"Leandro Brudniewski is a lawyer at MMR Law with strong expertise in business and corporate law. Learn more about his legal background.","og_url":"https:\/\/mmrlaw.com.br\/en\/lawyers\/leandro-brudniewski\/","og_site_name":"MMR Advogados","article_modified_time":"2025-05-16T21:37:02+00:00","twitter_card":"summary_large_image","twitter_misc":{"Est. reading time":"1 minute"},"schema":{"@context":"https:\/\/schema.org","@graph":[{"@type":"WebPage","@id":"https:\/\/mmrlaw.com.br\/en\/lawyers\/leandro-brudniewski\/","url":"https:\/\/mmrlaw.com.br\/en\/lawyers\/leandro-brudniewski\/","name":"Leandro Brudniewski \u2013 MMR Law Associate","isPartOf":{"@id":"https:\/\/mmrlaw.com.br\/en\/#website"},"datePublished":"2024-06-11T22:49:25+00:00","dateModified":"2025-05-16T21:37:02+00:00","description":"Leandro Brudniewski is a lawyer at MMR Law with strong expertise in business and corporate law. Learn more about his legal background.","breadcrumb":{"@id":"https:\/\/mmrlaw.com.br\/en\/lawyers\/leandro-brudniewski\/#breadcrumb"},"inLanguage":"en-US","potentialAction":[{"@type":"ReadAction","target":["https:\/\/mmrlaw.com.br\/en\/lawyers\/leandro-brudniewski\/"]}]},{"@type":"BreadcrumbList","@id":"https:\/\/mmrlaw.com.br\/en\/lawyers\/leandro-brudniewski\/#breadcrumb","itemListElement":[{"@type":"ListItem","position":1,"name":"In\u00edcio","item":"https:\/\/mmrlaw.com.br\/en\/"},{"@type":"ListItem","position":2,"name":"Lawyers","item":"https:\/\/mmrlaw.com.br\/en\/lawyers\/"},{"@type":"ListItem","position":3,"name":"Leandro Brudniewski"}]},{"@type":"WebSite","@id":"https:\/\/mmrlaw.com.br\/en\/#website","url":"https:\/\/mmrlaw.com.br\/en\/","name":"MMR Advogados","description":"","potentialAction":[{"@type":"SearchAction","target":{"@type":"EntryPoint","urlTemplate":"https:\/\/mmrlaw.com.br\/en\/?s={search_term_string}"},"query-input":{"@type":"PropertyValueSpecification","valueRequired":true,"valueName":"search_term_string"}}],"inLanguage":"en-US"}]}},"_links":{"self":[{"href":"https:\/\/mmrlaw.com.br\/en\/wp-json\/wp\/v2\/pages\/204","targetHints":{"allow":["GET"]}}],"collection":[{"href":"https:\/\/mmrlaw.com.br\/en\/wp-json\/wp\/v2\/pages"}],"about":[{"href":"https:\/\/mmrlaw.com.br\/en\/wp-json\/wp\/v2\/types\/page"}],"author":[{"embeddable":true,"href":"https:\/\/mmrlaw.com.br\/en\/wp-json\/wp\/v2\/users\/3"}],"replies":[{"embeddable":true,"href":"https:\/\/mmrlaw.com.br\/en\/wp-json\/wp\/v2\/comments?post=204"}],"version-history":[{"count":0,"href":"https:\/\/mmrlaw.com.br\/en\/wp-json\/wp\/v2\/pages\/204\/revisions"}],"up":[{"embeddable":true,"href":"https:\/\/mmrlaw.com.br\/en\/wp-json\/wp\/v2\/pages\/158"}],"wp:attachment":[{"href":"https:\/\/mmrlaw.com.br\/en\/wp-json\/wp\/v2\/media?parent=204"}],"curies":[{"name":"wp","href":"https:\/\/api.w.org\/{rel}","templated":true}]}}