{"id":544,"date":"2025-10-02T18:00:54","date_gmt":"2025-10-02T21:00:54","guid":{"rendered":"https:\/\/mmrlaw.com.br\/?page_id=544"},"modified":"2025-10-02T19:11:41","modified_gmt":"2025-10-02T22:11:41","slug":"thiago-caetano","status":"publish","type":"page","link":"https:\/\/mmrlaw.com.br\/en\/lawyers\/thiago-caetano\/","title":{"rendered":"Thiago Caetano"},"content":{"rendered":"<div id='full_slider_1'  class='avia-fullwidth-slider main_color avia-shadow   avia-builder-el-0  el_before_av_one_half  avia-builder-el-first   container_wrap sidebar_right'  ><div  class='avia-slideshow av-x675s-b03f2d8e416af04c85517876cdac2eb9 avia-slideshow-featured av_slideshow_full avia-slide-slider av-slideshow-ui av-control-default av-slideshow-manual av-loop-once av-loop-manual-endless av-default-height-applied   avia-slideshow-1' data-slideshow-options=\"{&quot;animation&quot;:&quot;slide&quot;,&quot;autoplay&quot;:false,&quot;loop_autoplay&quot;:&quot;once&quot;,&quot;interval&quot;:5,&quot;loop_manual&quot;:&quot;manual-endless&quot;,&quot;autoplay_stopper&quot;:false,&quot;noNavigation&quot;:false,&quot;bg_slider&quot;:false,&quot;keep_padding&quot;:false,&quot;hoverpause&quot;:false,&quot;show_slide_delay&quot;:0}\"  itemprop=\"image\" itemscope=\"itemscope\" itemtype=\"https:\/\/schema.org\/ImageObject\" ><ul class='avia-slideshow-inner ' style='padding-bottom: 28.666666666667%;'><li  class='avia-slideshow-slide av-x675s-b03f2d8e416af04c85517876cdac2eb9__0  av-single-slide slide-1 slide-odd'><div data-rel='slideshow-1' class='avia-slide-wrap '   ><img decoding=\"async\" fetchpriority=\"high\" class=\"wp-image-139 avia-img-lazy-loading-not-139\"  src=\"https:\/\/mmrlaw.com.br\/wp-content\/uploads\/2024\/06\/advogados.jpg\" width=\"1500\" height=\"430\" title='advogados' alt=''  itemprop=\"thumbnailUrl\" srcset=\"https:\/\/mmrlaw.com.br\/wp-content\/uploads\/2024\/06\/advogados.jpg 1500w, https:\/\/mmrlaw.com.br\/wp-content\/uploads\/2024\/06\/advogados-300x86.jpg 300w, https:\/\/mmrlaw.com.br\/wp-content\/uploads\/2024\/06\/advogados-1030x295.jpg 1030w, https:\/\/mmrlaw.com.br\/wp-content\/uploads\/2024\/06\/advogados-768x220.jpg 768w, https:\/\/mmrlaw.com.br\/wp-content\/uploads\/2024\/06\/advogados-705x202.jpg 705w\" sizes=\"(max-width: 1500px) 100vw, 1500px\" \/><\/div><\/li><\/ul><\/div><\/div><div id='after_full_slider_1'  class='main_color av_default_container_wrap container_wrap sidebar_right'  ><div class='container av-section-cont-open' ><div class='template-page content  av-content-small alpha units'><div class='post-entry post-entry-type-page post-entry-544'><div class='entry-content-wrapper clearfix'>\n<div  class='flex_column av-jgggw-ed9a64f58c6dab76a8507382017ee988 av_one_half  avia-builder-el-1  el_after_av_slideshow_full  el_before_av_one_half  avia-builder-el-first  first flex_column_div  '     ><section  class='av_textblock_section av-mg9xrp24-2a07719fa706bc21fa66840c2eb9cc5c '   itemscope=\"itemscope\" itemtype=\"https:\/\/schema.org\/CreativeWork\" ><div class='avia_textblock'  itemprop=\"text\" ><h1 class=\"fusion-responsive-typography-calculated\" data-fontsize=\"28\" data-lineheight=\"19.88px\">Thiago Caetano<\/h1>\n<p><strong>Phone:<\/strong> +55 (11) 3056-2100<br \/>\n<strong>E-mail:<\/strong> toliveira@mmrlaw.com.br<br \/>\nRua Bandeira Paulista, 726 \u2013 17th floor<br \/>\n04532-002 S\u00e3o Paulo \u2013 SP<\/p>\n<p><strong>Practice areas:<br \/>\n<\/strong>Administrative Law and Regulatory Matters.<\/p>\n<p><strong>Education:<\/strong><br \/>\nPontif\u00edcia Universidade Cat\u00f3lica (Postgraduate in Administrative Law \u2013 in course)<br \/>\nUniversidade de S\u00e3o Paulo (Specialist in Management and Planning of Cities, 2023)<br \/>\nEscola Superior do Minist\u00e9rio P\u00fablico do Estado de S\u00e3o Paulo (Specialist in Collective and Diffuse Rights, 2019)<br \/>\nUniversidade Presbiteriana Mackenzie (LL.B., 2014)<\/p>\n<p><strong>Memberships:<\/strong><br \/>\nThe Brazilian Bar Association (Ordem dos Advogados do Brasil), S\u00e3o Paulo Section<br \/>\nChairman of the Environmental and Urbanistic Law Committee of the Brazilian Bar Association (OAB) \u2013 Piracaia Subsection<br \/>\nChairman of the Piracaia Environment Defense Municipal Council &#8211; CONDEMA<br \/>\nMember of the Management Council of the Piracaia Sanitation and Infrasctructure Municipal Fund<br \/>\nMember of the OAB\u2019s Urbanistic Law Special Committe &#8211; S\u00e3o Paulo section<\/p>\n<p><strong>Languages:<\/strong><br \/>\nPortuguese and English<\/p>\n<\/div><\/section><\/div>\n<div  class='flex_column av-hjuk8-c840219d59c20edb414f422a32c20cfe av_one_half  avia-builder-el-3  el_after_av_one_half  avia-builder-el-last  flex_column_div  '     ><style type=\"text\/css\" data-created_by=\"avia_inline_auto\" id=\"style-css-av-9lzo0-c074551b7cdd253c6fe5d829fd04baa6\">\n.avia-image-container.av-9lzo0-c074551b7cdd253c6fe5d829fd04baa6 img.avia_image{\nbox-shadow:none;\n}\n.avia-image-container.av-9lzo0-c074551b7cdd253c6fe5d829fd04baa6 .av-image-caption-overlay-center{\ncolor:#ffffff;\n}\n<\/style>\n<div  class='avia-image-container av-9lzo0-c074551b7cdd253c6fe5d829fd04baa6 av-styling- avia-align-center  avia-builder-el-4  avia-builder-el-no-sibling '   itemprop=\"image\" itemscope=\"itemscope\" itemtype=\"https:\/\/schema.org\/ImageObject\" ><div class=\"avia-image-container-inner\"><div class=\"avia-image-overlay-wrap\"><img decoding=\"async\" fetchpriority=\"high\" class='wp-image-538 avia-img-lazy-loading-not-538 avia_image ' src=\"https:\/\/mmrlaw.com.br\/wp-content\/uploads\/2025\/10\/thiago.jpg\" alt='' title='thiago'  height=\"500\" width=\"334\"  itemprop=\"thumbnailUrl\" srcset=\"https:\/\/mmrlaw.com.br\/wp-content\/uploads\/2025\/10\/thiago.jpg 334w, https:\/\/mmrlaw.com.br\/wp-content\/uploads\/2025\/10\/thiago-200x300.jpg 200w\" sizes=\"(max-width: 334px) 100vw, 334px\" \/><\/div><\/div><\/div><\/div>\n","protected":false},"excerpt":{"rendered":"","protected":false},"author":2,"featured_media":0,"parent":158,"menu_order":0,"comment_status":"closed","ping_status":"closed","template":"","meta":{"footnotes":""},"class_list":["post-544","page","type-page","status-publish","hentry"],"yoast_head":"<!-- This site is optimized with the Yoast SEO plugin v27.3 - https:\/\/yoast.com\/product\/yoast-seo-wordpress\/ -->\n<title>Thiago Caetano - MMR Advogados<\/title>\n<meta name=\"robots\" content=\"index, follow, max-snippet:-1, max-image-preview:large, max-video-preview:-1\" \/>\n<link rel=\"canonical\" href=\"https:\/\/mmrlaw.com.br\/en\/lawyers\/thiago-caetano\/\" \/>\n<meta property=\"og:locale\" content=\"en_US\" \/>\n<meta property=\"og:type\" content=\"article\" \/>\n<meta property=\"og:title\" content=\"Thiago Caetano - MMR Advogados\" \/>\n<meta property=\"og:url\" content=\"https:\/\/mmrlaw.com.br\/en\/lawyers\/thiago-caetano\/\" \/>\n<meta property=\"og:site_name\" content=\"MMR Advogados\" \/>\n<meta property=\"article:modified_time\" content=\"2025-10-02T22:11:41+00:00\" \/>\n<meta name=\"twitter:card\" content=\"summary_large_image\" \/>\n<meta name=\"twitter:label1\" content=\"Est. reading time\" \/>\n\t<meta name=\"twitter:data1\" content=\"2 minutes\" \/>\n<script type=\"application\/ld+json\" class=\"yoast-schema-graph\">{\"@context\":\"https:\\\/\\\/schema.org\",\"@graph\":[{\"@type\":\"WebPage\",\"@id\":\"https:\\\/\\\/mmrlaw.com.br\\\/en\\\/lawyers\\\/thiago-caetano\\\/\",\"url\":\"https:\\\/\\\/mmrlaw.com.br\\\/en\\\/lawyers\\\/thiago-caetano\\\/\",\"name\":\"Thiago Caetano - MMR Advogados\",\"isPartOf\":{\"@id\":\"https:\\\/\\\/mmrlaw.com.br\\\/en\\\/#website\"},\"datePublished\":\"2025-10-02T21:00:54+00:00\",\"dateModified\":\"2025-10-02T22:11:41+00:00\",\"breadcrumb\":{\"@id\":\"https:\\\/\\\/mmrlaw.com.br\\\/en\\\/lawyers\\\/thiago-caetano\\\/#breadcrumb\"},\"inLanguage\":\"en-US\",\"potentialAction\":[{\"@type\":\"ReadAction\",\"target\":[\"https:\\\/\\\/mmrlaw.com.br\\\/en\\\/lawyers\\\/thiago-caetano\\\/\"]}]},{\"@type\":\"BreadcrumbList\",\"@id\":\"https:\\\/\\\/mmrlaw.com.br\\\/en\\\/lawyers\\\/thiago-caetano\\\/#breadcrumb\",\"itemListElement\":[{\"@type\":\"ListItem\",\"position\":1,\"name\":\"In\u00edcio\",\"item\":\"https:\\\/\\\/mmrlaw.com.br\\\/en\\\/\"},{\"@type\":\"ListItem\",\"position\":2,\"name\":\"Lawyers\",\"item\":\"https:\\\/\\\/mmrlaw.com.br\\\/en\\\/lawyers\\\/\"},{\"@type\":\"ListItem\",\"position\":3,\"name\":\"Thiago Caetano\"}]},{\"@type\":\"WebSite\",\"@id\":\"https:\\\/\\\/mmrlaw.com.br\\\/en\\\/#website\",\"url\":\"https:\\\/\\\/mmrlaw.com.br\\\/en\\\/\",\"name\":\"MMR Advogados\",\"description\":\"\",\"potentialAction\":[{\"@type\":\"SearchAction\",\"target\":{\"@type\":\"EntryPoint\",\"urlTemplate\":\"https:\\\/\\\/mmrlaw.com.br\\\/en\\\/?s={search_term_string}\"},\"query-input\":{\"@type\":\"PropertyValueSpecification\",\"valueRequired\":true,\"valueName\":\"search_term_string\"}}],\"inLanguage\":\"en-US\"}]}<\/script>\n<!-- \/ Yoast SEO plugin. -->","yoast_head_json":{"title":"Thiago Caetano - MMR Advogados","robots":{"index":"index","follow":"follow","max-snippet":"max-snippet:-1","max-image-preview":"max-image-preview:large","max-video-preview":"max-video-preview:-1"},"canonical":"https:\/\/mmrlaw.com.br\/en\/lawyers\/thiago-caetano\/","og_locale":"en_US","og_type":"article","og_title":"Thiago Caetano - MMR Advogados","og_url":"https:\/\/mmrlaw.com.br\/en\/lawyers\/thiago-caetano\/","og_site_name":"MMR Advogados","article_modified_time":"2025-10-02T22:11:41+00:00","twitter_card":"summary_large_image","twitter_misc":{"Est. reading time":"2 minutes"},"schema":{"@context":"https:\/\/schema.org","@graph":[{"@type":"WebPage","@id":"https:\/\/mmrlaw.com.br\/en\/lawyers\/thiago-caetano\/","url":"https:\/\/mmrlaw.com.br\/en\/lawyers\/thiago-caetano\/","name":"Thiago Caetano - MMR Advogados","isPartOf":{"@id":"https:\/\/mmrlaw.com.br\/en\/#website"},"datePublished":"2025-10-02T21:00:54+00:00","dateModified":"2025-10-02T22:11:41+00:00","breadcrumb":{"@id":"https:\/\/mmrlaw.com.br\/en\/lawyers\/thiago-caetano\/#breadcrumb"},"inLanguage":"en-US","potentialAction":[{"@type":"ReadAction","target":["https:\/\/mmrlaw.com.br\/en\/lawyers\/thiago-caetano\/"]}]},{"@type":"BreadcrumbList","@id":"https:\/\/mmrlaw.com.br\/en\/lawyers\/thiago-caetano\/#breadcrumb","itemListElement":[{"@type":"ListItem","position":1,"name":"In\u00edcio","item":"https:\/\/mmrlaw.com.br\/en\/"},{"@type":"ListItem","position":2,"name":"Lawyers","item":"https:\/\/mmrlaw.com.br\/en\/lawyers\/"},{"@type":"ListItem","position":3,"name":"Thiago Caetano"}]},{"@type":"WebSite","@id":"https:\/\/mmrlaw.com.br\/en\/#website","url":"https:\/\/mmrlaw.com.br\/en\/","name":"MMR Advogados","description":"","potentialAction":[{"@type":"SearchAction","target":{"@type":"EntryPoint","urlTemplate":"https:\/\/mmrlaw.com.br\/en\/?s={search_term_string}"},"query-input":{"@type":"PropertyValueSpecification","valueRequired":true,"valueName":"search_term_string"}}],"inLanguage":"en-US"}]}},"_links":{"self":[{"href":"https:\/\/mmrlaw.com.br\/en\/wp-json\/wp\/v2\/pages\/544","targetHints":{"allow":["GET"]}}],"collection":[{"href":"https:\/\/mmrlaw.com.br\/en\/wp-json\/wp\/v2\/pages"}],"about":[{"href":"https:\/\/mmrlaw.com.br\/en\/wp-json\/wp\/v2\/types\/page"}],"author":[{"embeddable":true,"href":"https:\/\/mmrlaw.com.br\/en\/wp-json\/wp\/v2\/users\/2"}],"replies":[{"embeddable":true,"href":"https:\/\/mmrlaw.com.br\/en\/wp-json\/wp\/v2\/comments?post=544"}],"version-history":[{"count":0,"href":"https:\/\/mmrlaw.com.br\/en\/wp-json\/wp\/v2\/pages\/544\/revisions"}],"up":[{"embeddable":true,"href":"https:\/\/mmrlaw.com.br\/en\/wp-json\/wp\/v2\/pages\/158"}],"wp:attachment":[{"href":"https:\/\/mmrlaw.com.br\/en\/wp-json\/wp\/v2\/media?parent=544"}],"curies":[{"name":"wp","href":"https:\/\/api.w.org\/{rel}","templated":true}]}}